{"id":9,"date":"2023-03-09T11:26:45","date_gmt":"2023-03-09T11:26:45","guid":{"rendered":"https:\/\/bambumies.fi\/?page_id=9"},"modified":"2023-03-09T11:49:32","modified_gmt":"2023-03-09T11:49:32","slug":"elementor-9","status":"publish","type":"page","link":"https:\/\/bambumies.fi\/","title":{"rendered":"Elementor #9"},"content":{"rendered":"\t\t<div data-elementor-type=\"wp-post\" data-elementor-id=\"9\" class=\"elementor elementor-9\">\n\t\t\t\t\t\t\t\t\t<section class=\"elementor-section elementor-top-section elementor-element elementor-element-390f08f elementor-section-content-middle elementor-section-boxed elementor-section-height-default elementor-section-height-default\" data-id=\"390f08f\" data-element_type=\"section\">\n\t\t\t\t\t\t<div class=\"elementor-container elementor-column-gap-default\">\n\t\t\t\t\t<div class=\"elementor-column elementor-col-50 elementor-top-column elementor-element elementor-element-097ddae\" data-id=\"097ddae\" data-element_type=\"column\">\n\t\t\t<div class=\"elementor-widget-wrap elementor-element-populated\">\n\t\t\t\t\t\t\t\t<div class=\"elementor-element elementor-element-27b0fac elementor-widget elementor-widget-text-editor\" data-id=\"27b0fac\" data-element_type=\"widget\" data-widget_type=\"text-editor.default\">\n\t\t\t\t<div class=\"elementor-widget-container\">\n\t\t\t<style>\/*! elementor - v3.11.3 - 07-03-2023 *\/\n.elementor-widget-text-editor.elementor-drop-cap-view-stacked .elementor-drop-cap{background-color:#818a91;color:#fff}.elementor-widget-text-editor.elementor-drop-cap-view-framed .elementor-drop-cap{color:#818a91;border:3px solid;background-color:transparent}.elementor-widget-text-editor:not(.elementor-drop-cap-view-default) .elementor-drop-cap{margin-top:8px}.elementor-widget-text-editor:not(.elementor-drop-cap-view-default) .elementor-drop-cap-letter{width:1em;height:1em}.elementor-widget-text-editor .elementor-drop-cap{float:left;text-align:center;line-height:1;font-size:50px}.elementor-widget-text-editor .elementor-drop-cap-letter{display:inline-block}<\/style>\t\t\t\t<p><span class=\"ui-provider yk b c d e f g h i j k l m n o p q r s t u v w x y z ab ac ae af ag ah ai aj ak\" dir=\"ltr\">Morjesta! <\/span><\/p><p><span class=\"ui-provider yk b c d e f g h i j k l m n o p q r s t u v w x y z ab ac ae af ag ah ai aj ak\" dir=\"ltr\">M\u00e4 olen Jukka-Pekka \u201dBambumies\u201d Kallio, ja koska aikaisemmalla rokkit\u00e4hden uralla el\u00e4m\u00e4 toi muuttujia matkaan, teinkin t\u00e4ysk\u00e4\u00e4nn\u00f6ksen ja nyt myyn vuodessa yli viidell\u00e4 miljoonalla lattiaa. Erikoisalaa lattioiden ohella ovat kummelivitsit ja p\u00f6hn\u00e4ss\u00e4 kara\u00e5ke. Sen sijaan erikoisalaani ei valitettavasti todellakaan ole penkkiurheilu. Bambumiehen tittelin takana olen my\u00f6s is\u00e4, ty\u00f6kaveri, pitsan yst\u00e4v\u00e4, puoliso, pomo, p\u00e4\u00e4johtaja ja kuulemma kokonaisuutena aika hyv\u00e4 tyyppi. Reilusti asennetta, roppakaupalla huumoria ja ehk\u00e4 v\u00e4h\u00e4n asiantuntemustakin \u2013 niist\u00e4 on Bambumies tehty. Mielest\u00e4ni hyv\u00e4 motto el\u00e4m\u00e4\u00e4n on \u201dt\u00e4ysill\u00e4, tai ei ollenkaan\u201d. Tervetuloa!<\/span><\/p>\t\t\t\t\t\t<\/div>\n\t\t\t\t<\/div>\n\t\t\t\t\t<\/div>\n\t\t<\/div>\n\t\t\t\t<div class=\"elementor-column elementor-col-50 elementor-top-column elementor-element elementor-element-23a63a3\" data-id=\"23a63a3\" data-element_type=\"column\">\n\t\t\t<div class=\"elementor-widget-wrap elementor-element-populated\">\n\t\t\t\t\t\t\t\t<div class=\"elementor-element elementor-element-74ea486 elementor-widget elementor-widget-image\" data-id=\"74ea486\" data-element_type=\"widget\" data-widget_type=\"image.default\">\n\t\t\t\t<div class=\"elementor-widget-container\">\n\t\t\t<style>\/*! elementor - v3.11.3 - 07-03-2023 *\/\n.elementor-widget-image{text-align:center}.elementor-widget-image a{display:inline-block}.elementor-widget-image a img[src$=\".svg\"]{width:48px}.elementor-widget-image img{vertical-align:middle;display:inline-block}<\/style>\t\t\t\t\t\t\t\t\t\t\t\t<img loading=\"lazy\" decoding=\"async\" width=\"768\" height=\"768\" src=\"https:\/\/bambumies.fi\/wp-content\/uploads\/2023\/03\/Bambumies-768x768.png\" class=\"attachment-medium_large size-medium_large wp-image-8\" alt=\"\" srcset=\"https:\/\/bambumies.fi\/wp-content\/uploads\/2023\/03\/Bambumies-768x768.png 768w, https:\/\/bambumies.fi\/wp-content\/uploads\/2023\/03\/Bambumies-300x300.png 300w, https:\/\/bambumies.fi\/wp-content\/uploads\/2023\/03\/Bambumies-1024x1024.png 1024w, https:\/\/bambumies.fi\/wp-content\/uploads\/2023\/03\/Bambumies-150x150.png 150w, https:\/\/bambumies.fi\/wp-content\/uploads\/2023\/03\/Bambumies-1536x1536.png 1536w, https:\/\/bambumies.fi\/wp-content\/uploads\/2023\/03\/Bambumies-2048x2048.png 2048w\" sizes=\"auto, (max-width: 768px) 100vw, 768px\" \/>\t\t\t\t\t\t\t\t\t\t\t\t\t\t\t<\/div>\n\t\t\t\t<\/div>\n\t\t\t\t\t<\/div>\n\t\t<\/div>\n\t\t\t\t\t\t\t<\/div>\n\t\t<\/section>\n\t\t\t\t\t\t\t<\/div>\n\t\t","protected":false},"excerpt":{"rendered":"<p>Morjesta! M\u00e4 olen Jukka-Pekka \u201dBambumies\u201d Kallio, ja koska aikaisemmalla rokkit\u00e4hden uralla el\u00e4m\u00e4 toi muuttujia matkaan, teinkin t\u00e4ysk\u00e4\u00e4nn\u00f6ksen ja nyt myyn vuodessa yli viidell\u00e4 miljoonalla lattiaa. Erikoisalaa lattioiden ohella ovat kummelivitsit ja p\u00f6hn\u00e4ss\u00e4 kara\u00e5ke. Sen sijaan erikoisalaani ei valitettavasti todellakaan ole penkkiurheilu. Bambumiehen tittelin takana olen my\u00f6s is\u00e4, ty\u00f6kaveri, pitsan yst\u00e4v\u00e4, puoliso, pomo, p\u00e4\u00e4johtaja ja kuulemma [&hellip;]<\/p>\n","protected":false},"author":1,"featured_media":0,"parent":0,"menu_order":0,"comment_status":"closed","ping_status":"closed","template":"elementor_canvas","meta":{"footnotes":""},"class_list":["post-9","page","type-page","status-publish","hentry"],"_links":{"self":[{"href":"https:\/\/bambumies.fi\/index.php\/wp-json\/wp\/v2\/pages\/9","targetHints":{"allow":["GET"]}}],"collection":[{"href":"https:\/\/bambumies.fi\/index.php\/wp-json\/wp\/v2\/pages"}],"about":[{"href":"https:\/\/bambumies.fi\/index.php\/wp-json\/wp\/v2\/types\/page"}],"author":[{"embeddable":true,"href":"https:\/\/bambumies.fi\/index.php\/wp-json\/wp\/v2\/users\/1"}],"replies":[{"embeddable":true,"href":"https:\/\/bambumies.fi\/index.php\/wp-json\/wp\/v2\/comments?post=9"}],"version-history":[{"count":37,"href":"https:\/\/bambumies.fi\/index.php\/wp-json\/wp\/v2\/pages\/9\/revisions"}],"predecessor-version":[{"id":47,"href":"https:\/\/bambumies.fi\/index.php\/wp-json\/wp\/v2\/pages\/9\/revisions\/47"}],"wp:attachment":[{"href":"https:\/\/bambumies.fi\/index.php\/wp-json\/wp\/v2\/media?parent=9"}],"curies":[{"name":"wp","href":"https:\/\/api.w.org\/{rel}","templated":true}]}}